{"id":2825,"date":"2022-11-16T07:12:27","date_gmt":"2022-11-16T07:12:27","guid":{"rendered":"https:\/\/www.autowerkstatt40.org\/das-projekt\/"},"modified":"2024-05-16T08:46:18","modified_gmt":"2024-05-16T08:46:18","slug":"project-carrepair-4-0","status":"publish","type":"page","link":"https:\/\/www.autowerkstatt40.org\/en\/project-carrepair-4-0\/","title":{"rendered":"Das Projekt"},"content":{"rendered":"\n<h2 class=\"wp-block-heading\">Von der Idee zum Zukunftsmodell<\/h2>\n\n<p>Die Erfolgsgeschichte des Projektes Autowerkstatt 4.0 (AW 4.0) setzt sich fort. Im September 2018 war das <a href=\"https:\/\/www.autowerkstatt40.org\/konsortium\/\">Konsortium<\/a> von Unternehmen und Wissenschaftlern unter der Leitung des eco \u2013 Verband der Internetwirtschaft e. V. angetreten, um die Zukunft der Autowerkstatt zu gestalten. Das zun\u00e4chst vom Land NRW und der Europ\u00e4ischen Union gef\u00f6rderte Projekt entwickelte im ersten Schritt ein Demonstratorsystem, das eine Machine-Learning unterst\u00fctzte Steuerkettendiagnose erm\u00f6glicht.<\/p>\n\n<p>Mit der Fortsetzung von AW 4.0 wird seit Anfang 2022 in den n\u00e4chsten drei Jahren die Digitalisierung in Kfz-Werkst\u00e4tten weiter vorangetrieben. Hintergrund des Forschungsansatzes ist, dass die Fehlerdiagnose in Fahrzeugen heute meist noch \u00fcber propriet\u00e4re Diagnosesysteme mittels der On-Board-Diagnose-Schnittstelle (OBD) stattfindet. Fehlercodes, sogenannte Diagnostic Trouble Codes (DTC), verweisen allerdings nicht auf die Ursache eines Fehlers, sondern lediglich die vom System empfohlenen Teile zum Austausch.<\/p>\n\n<p>AW 4.0 m\u00f6chte mittels Oszilloskope erfasster Daten im Motorraum <strong>differenziertere <\/strong><strong>und bessere Diagnosen<\/strong> realisieren, unn\u00f6tige Reparaturen vermeiden und damit <strong>Ressourcen im Sinne einer nachhaltigen Wartung schonen<\/strong>. Das datenbasierte Diagnosesystem soll auch f\u00fcr \u00e4ltere Fahrzeuge bereitstehen und <strong>einfach in den Arbeitsalltag von Kfz-Werkst\u00e4tten zu integrieren<\/strong> sein. Bereitgestellt werden branchenspezifische Daten und KI-Modelle auf einer Plattform zum vertrauensw\u00fcrdigen Austausch.<\/p>\n\n<p>Vernetzt ist das \u00d6kosystem von Werkst\u00e4tten, Diagnosesystemanbietern und KI-Startups durch <strong>Gaia-X<\/strong>. In deren Infrastruktur verankerte Federated Services erm\u00f6glichen den heterogenen Teilnehmern des Fahrzeugservice-Marktes einen fairen Wettbewerb mit neuen digitalen Gesch\u00e4ftsmodellen. AW 4.0 wirkt dem Fachkr\u00e4ftemangel in Deutschland entgegen und st\u00e4rkt den deutschen Mittelstand langfristig.<\/p>\n\n<figure class=\"wp-block-embed is-type-video is-provider-youtube wp-block-embed-youtube wp-embed-aspect-16-9 wp-has-aspect-ratio\"><div class=\"wp-block-embed__wrapper\">\n<div class=\"BorlabsCookie _brlbs-cb-youtube\"><div class=\"_brlbs-content-blocker\"> <div class=\"_brlbs-embed _brlbs-video-youtube\"> <img decoding=\"async\" class=\"_brlbs-thumbnail\" src=\"https:\/\/www.autowerkstatt40.org\/wp-content\/plugins\/borlabs-cookie\/assets\/images\/cb-no-thumbnail.png\" alt=\"YouTube\"> <div class=\"_brlbs-caption\"> <p>By loading the video, you agree to YouTube&#8217;s privacy policy.<br><a href=\"https:\/\/policies.google.com\/privacy?hl=en&amp;gl=en\" target=\"_blank\" rel=\"nofollow noopener noreferrer\">Learn more<\/a><\/p> <p><a class=\"_brlbs-btn _brlbs-icon-play-white\" href=\"#\" data-borlabs-cookie-unblock role=\"button\">Load video<\/a><\/p> <p><label><input type=\"checkbox\" name=\"unblockAll\" value=\"1\" checked> <small>Always unblock YouTube<\/small><\/label><\/p> <\/div> <\/div> <\/div><div class=\"borlabs-hide\" data-borlabs-cookie-type=\"content-blocker\" data-borlabs-cookie-id=\"youtube\"><script type=\"text\/template\">PGlmcmFtZSB0aXRsZT0iQXV0b3dlcmtzdGF0dCA0LjAga3VyeiBlcmtsw6RydDogTWl0IEJhc3RpYW4gS3VobGUiIHdpZHRoPSI1MDAiIGhlaWdodD0iMjgxIiBzcmM9Imh0dHBzOi8vd3d3LnlvdXR1YmUtbm9jb29raWUuY29tL2VtYmVkL1BCVEJTUXRJMEhVP3N0YXJ0PTImZmVhdHVyZT1vZW1iZWQiIGZyYW1lYm9yZGVyPSIwIiBhbGxvdz0iYWNjZWxlcm9tZXRlcjsgYXV0b3BsYXk7IGNsaXBib2FyZC13cml0ZTsgZW5jcnlwdGVkLW1lZGlhOyBneXJvc2NvcGU7IHBpY3R1cmUtaW4tcGljdHVyZTsgd2ViLXNoYXJlIiByZWZlcnJlcnBvbGljeT0ic3RyaWN0LW9yaWdpbi13aGVuLWNyb3NzLW9yaWdpbiIgYWxsb3dmdWxsc2NyZWVuPjwvaWZyYW1lPg==<\/script><\/div><\/div>\n<\/div><\/figure>\n","protected":false},"excerpt":{"rendered":"<p>Von der Idee zum Zukunftsmodell Die Erfolgsgeschichte des Projektes Autowerkstatt 4.0 (AW 4.0) setzt sich fort. Im September 2018 war das Konsortium von Unternehmen und Wissenschaftlern unter der Leitung des eco \u2013 Verband der Internetwirtschaft e. V. angetreten, um die Zukunft der Autowerkstatt zu gestalten. Das zun\u00e4chst vom Land NRW&#8230;<a class=\"aw-loop-button\" href=\"https:\/\/www.autowerkstatt40.org\/en\/project-carrepair-4-0\/\">Read More<\/a><\/p>\n","protected":false},"author":7,"featured_media":0,"parent":0,"menu_order":0,"comment_status":"closed","ping_status":"closed","template":"","meta":{"inline_featured_image":false,"footnotes":""},"class_list":["post-2825","page","type-page","status-publish","hentry"],"yoast_head":"<!-- This site is optimized with the Yoast SEO plugin v21.7 - https:\/\/yoast.com\/wordpress\/plugins\/seo\/ -->\n<title>Das Projekt - Autowerkstatt 4.0<\/title>\n<meta name=\"description\" content=\"Mit der Fortsetzung des Projektes Autowerkstatt 4.0 wird seit Anfang 2022 die Digitalisierung in Kfz-Werkst\u00e4tten vorangetrieben.\" \/>\n<meta name=\"robots\" content=\"index, follow, max-snippet:-1, max-image-preview:large, max-video-preview:-1\" \/>\n<link rel=\"canonical\" href=\"https:\/\/www.autowerkstatt40.org\/en\/project-carrepair-4-0\/\" \/>\n<meta property=\"og:locale\" content=\"en_US\" \/>\n<meta property=\"og:type\" content=\"article\" \/>\n<meta property=\"og:title\" content=\"Das Projekt - Autowerkstatt 4.0\" \/>\n<meta property=\"og:description\" content=\"Mit der Fortsetzung des Projektes Autowerkstatt 4.0 wird seit Anfang 2022 die Digitalisierung in Kfz-Werkst\u00e4tten vorangetrieben.\" \/>\n<meta property=\"og:url\" content=\"https:\/\/www.autowerkstatt40.org\/en\/project-carrepair-4-0\/\" \/>\n<meta property=\"og:site_name\" content=\"Autowerkstatt 4.0\" \/>\n<meta property=\"article:modified_time\" content=\"2024-05-16T08:46:18+00:00\" \/>\n<meta name=\"twitter:card\" content=\"summary_large_image\" \/>\n<meta name=\"twitter:label1\" content=\"Est. reading time\" \/>\n\t<meta name=\"twitter:data1\" content=\"2 minutes\" \/>\n<script type=\"application\/ld+json\" class=\"yoast-schema-graph\">{\"@context\":\"https:\/\/schema.org\",\"@graph\":[{\"@type\":\"WebPage\",\"@id\":\"https:\/\/www.autowerkstatt40.org\/en\/project-carrepair-4-0\/\",\"url\":\"https:\/\/www.autowerkstatt40.org\/en\/project-carrepair-4-0\/\",\"name\":\"Das Projekt - Autowerkstatt 4.0\",\"isPartOf\":{\"@id\":\"https:\/\/www.autowerkstatt40.org\/#website\"},\"datePublished\":\"2022-11-16T07:12:27+00:00\",\"dateModified\":\"2024-05-16T08:46:18+00:00\",\"description\":\"Mit der Fortsetzung des Projektes Autowerkstatt 4.0 wird seit Anfang 2022 die Digitalisierung in Kfz-Werkst\u00e4tten vorangetrieben.\",\"breadcrumb\":{\"@id\":\"https:\/\/www.autowerkstatt40.org\/en\/project-carrepair-4-0\/#breadcrumb\"},\"inLanguage\":\"en-US\",\"potentialAction\":[{\"@type\":\"ReadAction\",\"target\":[\"https:\/\/www.autowerkstatt40.org\/en\/project-carrepair-4-0\/\"]}]},{\"@type\":\"BreadcrumbList\",\"@id\":\"https:\/\/www.autowerkstatt40.org\/en\/project-carrepair-4-0\/#breadcrumb\",\"itemListElement\":[{\"@type\":\"ListItem\",\"position\":1,\"name\":\"Home\",\"item\":\"https:\/\/www.autowerkstatt40.org\/en\/\"},{\"@type\":\"ListItem\",\"position\":2,\"name\":\"Das Projekt\"}]},{\"@type\":\"WebSite\",\"@id\":\"https:\/\/www.autowerkstatt40.org\/#website\",\"url\":\"https:\/\/www.autowerkstatt40.org\/\",\"name\":\"Autowerkstatt 4.0\",\"description\":\"Digitalen Wandel im Kfz-Gewerbe mitgestalten\",\"publisher\":{\"@id\":\"https:\/\/www.autowerkstatt40.org\/#organization\"},\"potentialAction\":[{\"@type\":\"SearchAction\",\"target\":{\"@type\":\"EntryPoint\",\"urlTemplate\":\"https:\/\/www.autowerkstatt40.org\/?s={search_term_string}\"},\"query-input\":\"required name=search_term_string\"}],\"inLanguage\":\"en-US\"},{\"@type\":\"Organization\",\"@id\":\"https:\/\/www.autowerkstatt40.org\/#organization\",\"name\":\"Autowerkstatt 4.0\",\"url\":\"https:\/\/www.autowerkstatt40.org\/\",\"logo\":{\"@type\":\"ImageObject\",\"inLanguage\":\"en-US\",\"@id\":\"https:\/\/www.autowerkstatt40.org\/#\/schema\/logo\/image\/\",\"url\":\"https:\/\/www.autowerkstatt40.org\/wp-content\/uploads\/2022\/04\/carrepair_logo.png\",\"contentUrl\":\"https:\/\/www.autowerkstatt40.org\/wp-content\/uploads\/2022\/04\/carrepair_logo.png\",\"width\":473,\"height\":141,\"caption\":\"Autowerkstatt 4.0\"},\"image\":{\"@id\":\"https:\/\/www.autowerkstatt40.org\/#\/schema\/logo\/image\/\"}}]}<\/script>\n<!-- \/ Yoast SEO plugin. -->","yoast_head_json":{"title":"Das Projekt - Autowerkstatt 4.0","description":"Mit der Fortsetzung des Projektes Autowerkstatt 4.0 wird seit Anfang 2022 die Digitalisierung in Kfz-Werkst\u00e4tten vorangetrieben.","robots":{"index":"index","follow":"follow","max-snippet":"max-snippet:-1","max-image-preview":"max-image-preview:large","max-video-preview":"max-video-preview:-1"},"canonical":"https:\/\/www.autowerkstatt40.org\/en\/project-carrepair-4-0\/","og_locale":"en_US","og_type":"article","og_title":"Das Projekt - Autowerkstatt 4.0","og_description":"Mit der Fortsetzung des Projektes Autowerkstatt 4.0 wird seit Anfang 2022 die Digitalisierung in Kfz-Werkst\u00e4tten vorangetrieben.","og_url":"https:\/\/www.autowerkstatt40.org\/en\/project-carrepair-4-0\/","og_site_name":"Autowerkstatt 4.0","article_modified_time":"2024-05-16T08:46:18+00:00","twitter_card":"summary_large_image","twitter_misc":{"Est. reading time":"2 minutes"},"schema":{"@context":"https:\/\/schema.org","@graph":[{"@type":"WebPage","@id":"https:\/\/www.autowerkstatt40.org\/en\/project-carrepair-4-0\/","url":"https:\/\/www.autowerkstatt40.org\/en\/project-carrepair-4-0\/","name":"Das Projekt - Autowerkstatt 4.0","isPartOf":{"@id":"https:\/\/www.autowerkstatt40.org\/#website"},"datePublished":"2022-11-16T07:12:27+00:00","dateModified":"2024-05-16T08:46:18+00:00","description":"Mit der Fortsetzung des Projektes Autowerkstatt 4.0 wird seit Anfang 2022 die Digitalisierung in Kfz-Werkst\u00e4tten vorangetrieben.","breadcrumb":{"@id":"https:\/\/www.autowerkstatt40.org\/en\/project-carrepair-4-0\/#breadcrumb"},"inLanguage":"en-US","potentialAction":[{"@type":"ReadAction","target":["https:\/\/www.autowerkstatt40.org\/en\/project-carrepair-4-0\/"]}]},{"@type":"BreadcrumbList","@id":"https:\/\/www.autowerkstatt40.org\/en\/project-carrepair-4-0\/#breadcrumb","itemListElement":[{"@type":"ListItem","position":1,"name":"Home","item":"https:\/\/www.autowerkstatt40.org\/en\/"},{"@type":"ListItem","position":2,"name":"Das Projekt"}]},{"@type":"WebSite","@id":"https:\/\/www.autowerkstatt40.org\/#website","url":"https:\/\/www.autowerkstatt40.org\/","name":"Autowerkstatt 4.0","description":"Digitalen Wandel im Kfz-Gewerbe mitgestalten","publisher":{"@id":"https:\/\/www.autowerkstatt40.org\/#organization"},"potentialAction":[{"@type":"SearchAction","target":{"@type":"EntryPoint","urlTemplate":"https:\/\/www.autowerkstatt40.org\/?s={search_term_string}"},"query-input":"required name=search_term_string"}],"inLanguage":"en-US"},{"@type":"Organization","@id":"https:\/\/www.autowerkstatt40.org\/#organization","name":"Autowerkstatt 4.0","url":"https:\/\/www.autowerkstatt40.org\/","logo":{"@type":"ImageObject","inLanguage":"en-US","@id":"https:\/\/www.autowerkstatt40.org\/#\/schema\/logo\/image\/","url":"https:\/\/www.autowerkstatt40.org\/wp-content\/uploads\/2022\/04\/carrepair_logo.png","contentUrl":"https:\/\/www.autowerkstatt40.org\/wp-content\/uploads\/2022\/04\/carrepair_logo.png","width":473,"height":141,"caption":"Autowerkstatt 4.0"},"image":{"@id":"https:\/\/www.autowerkstatt40.org\/#\/schema\/logo\/image\/"}}]}},"_links":{"self":[{"href":"https:\/\/www.autowerkstatt40.org\/en\/wp-json\/wp\/v2\/pages\/2825","targetHints":{"allow":["GET"]}}],"collection":[{"href":"https:\/\/www.autowerkstatt40.org\/en\/wp-json\/wp\/v2\/pages"}],"about":[{"href":"https:\/\/www.autowerkstatt40.org\/en\/wp-json\/wp\/v2\/types\/page"}],"author":[{"embeddable":true,"href":"https:\/\/www.autowerkstatt40.org\/en\/wp-json\/wp\/v2\/users\/7"}],"replies":[{"embeddable":true,"href":"https:\/\/www.autowerkstatt40.org\/en\/wp-json\/wp\/v2\/comments?post=2825"}],"version-history":[{"count":5,"href":"https:\/\/www.autowerkstatt40.org\/en\/wp-json\/wp\/v2\/pages\/2825\/revisions"}],"predecessor-version":[{"id":4331,"href":"https:\/\/www.autowerkstatt40.org\/en\/wp-json\/wp\/v2\/pages\/2825\/revisions\/4331"}],"wp:attachment":[{"href":"https:\/\/www.autowerkstatt40.org\/en\/wp-json\/wp\/v2\/media?parent=2825"}],"curies":[{"name":"wp","href":"https:\/\/api.w.org\/{rel}","templated":true}]}}